{"id":179,"date":"2018-03-12T11:17:41","date_gmt":"2018-03-12T10:17:41","guid":{"rendered":"http:\/\/pradierenovperez.com\/?page_id=179"},"modified":"2018-12-16T17:02:16","modified_gmt":"2018-12-16T16:02:16","slug":"edito","status":"publish","type":"page","link":"https:\/\/pradierenovperez.com\/index.php\/edito\/","title":{"rendered":"\u00c9DITO"},"content":{"rendered":"\t\t<div class=\"elementor elementor-179\">\n\t\t\t<div class=\"elementor-inner\">\n\t\t\t\t<div class=\"elementor-section-wrap\">\n\t\t\t\t\t\t\t<section data-id=\"7ee68a1b\" class=\"elementor-element elementor-element-7ee68a1b elementor-section-boxed elementor-section-height-default elementor-section-height-default elementor-section elementor-top-section\" data-element_type=\"section\">\n\t\t\t\t\t\t<div class=\"elementor-container elementor-column-gap-default\">\n\t\t\t\t<div class=\"elementor-row\">\n\t\t\t\t<div data-id=\"178b293d\" class=\"elementor-element elementor-element-178b293d elementor-column elementor-col-100 elementor-top-column\" data-element_type=\"column\">\n\t\t\t<div class=\"elementor-column-wrap elementor-element-populated\">\n\t\t\t\t\t<div class=\"elementor-widget-wrap\">\n\t\t\t\t<div data-id=\"2caeb038\" class=\"elementor-element elementor-element-2caeb038 elementor-widget elementor-widget-text-editor\" data-element_type=\"text-editor.default\">\n\t\t\t\t<div class=\"elementor-widget-container\">\n\t\t\t\t\t<div class=\"elementor-text-editor elementor-clearfix\"><p><\/p><p align=\"justify\"><span style=\"font-family: Bahnschrift, sans-serif;\" face=\"Bahnschrift, sans-serif\">Afin d\u2019\u00e9largir son activit\u00e9 de second \u0153uvre, d\u00e9di\u00e9e aux entreprises, monsieur PEREZ a rachet\u00e9<span color=\"#666666\" style=\"color: #666666;\">\u00a0 la soci\u00e9t\u00e9 Pradi\u00e9 Renov&rsquo;,<\/span>\u00a0sp\u00e9cialis\u00e9e dans le gros \u0153uvre aupr\u00e8s des particuliers, depuis 15 ans.<b> <\/b><\/span><\/p><p align=\"justify\"><span style=\"font-family: Bahnschrift, sans-serif;\" face=\"Bahnschrift, sans-serif\"><b>La compl\u00e9mentarit\u00e9 des services d\u00e9sormais propos\u00e9s nous permet de r\u00e9pondre de fa\u00e7on optimal \u00e0 tous vos projets.<\/b><\/span><\/p><p align=\"justify\"><span style=\"font-family: Bahnschrift, sans-serif;\" face=\"Bahnschrift, sans-serif\">Fort de son exp\u00e9rience, il transmet son savoir faire et ses valeurs \u00e0 son \u00e9quipe de professionnels. Une reprise familiale qui se veut transparente, dynamique ; afin de vous satisfaire.<\/span><\/p><p align=\"justify\"><span style=\"font-family: Bahnschrift, sans-serif;\" face=\"Bahnschrift, sans-serif\">Avec mon \u00e9quipe, je vous invite \u00e0 venir consulter ce site web afin de mieux d\u00e9couvrir notre m\u00e9tier et dans quelle mesure nous pourrions vous accompagner dans la r\u00e9alisation de vos projets.\u00a0<\/span><\/p><p align=\"justify\"><span style=\"font-family: Bahnschrift, sans-serif;\" face=\"Bahnschrift, sans-serif\">\u00a0<\/span><\/p><p align=\"right\"><\/p><\/div>\n\t\t\t\t<\/div>\n\t\t\t\t<\/div>\n\t\t\t\t\t\t<\/div>\n\t\t\t<\/div>\n\t\t<\/div>\n\t\t\t\t\t\t<\/div>\n\t\t\t<\/div>\n\t\t<\/section>\n\t\t\t\t\t\t<\/div>\n\t\t\t<\/div>\n\t\t<\/div>\n\t\t","protected":false},"excerpt":{"rendered":"<p>Afin d\u2019\u00e9largir son activit\u00e9 de second \u0153uvre, d\u00e9di\u00e9e aux entreprises, monsieur PEREZ a rachet\u00e9\u00a0 la soci\u00e9t\u00e9 Pradi\u00e9 Renov&rsquo;,\u00a0sp\u00e9cialis\u00e9e dans le gros \u0153uvre aupr\u00e8s des particuliers, depuis 15 ans. La compl\u00e9mentarit\u00e9 des services d\u00e9sormais propos\u00e9s nous<a class=\"moretag\" href=\"https:\/\/pradierenovperez.com\/index.php\/edito\/\"> Lire la suite&hellip;<\/a><\/p>\n","protected":false},"author":1,"featured_media":192,"parent":0,"menu_order":0,"comment_status":"closed","ping_status":"closed","template":"","meta":[],"_links":{"self":[{"href":"https:\/\/pradierenovperez.com\/index.php\/wp-json\/wp\/v2\/pages\/179"}],"collection":[{"href":"https:\/\/pradierenovperez.com\/index.php\/wp-json\/wp\/v2\/pages"}],"about":[{"href":"https:\/\/pradierenovperez.com\/index.php\/wp-json\/wp\/v2\/types\/page"}],"author":[{"embeddable":true,"href":"https:\/\/pradierenovperez.com\/index.php\/wp-json\/wp\/v2\/users\/1"}],"replies":[{"embeddable":true,"href":"https:\/\/pradierenovperez.com\/index.php\/wp-json\/wp\/v2\/comments?post=179"}],"version-history":[{"count":5,"href":"https:\/\/pradierenovperez.com\/index.php\/wp-json\/wp\/v2\/pages\/179\/revisions"}],"predecessor-version":[{"id":294,"href":"https:\/\/pradierenovperez.com\/index.php\/wp-json\/wp\/v2\/pages\/179\/revisions\/294"}],"wp:featuredmedia":[{"embeddable":true,"href":"https:\/\/pradierenovperez.com\/index.php\/wp-json\/wp\/v2\/media\/192"}],"wp:attachment":[{"href":"https:\/\/pradierenovperez.com\/index.php\/wp-json\/wp\/v2\/media?parent=179"}],"curies":[{"name":"wp","href":"https:\/\/api.w.org\/{rel}","templated":true}]}}